{"id":1700000000,"date":"2022-11-04T01:00:00","date_gmt":"2022-11-04T00:00:00","guid":{"rendered":"https:\/\/www.sunaelivagar-mc.com\/de\/?page_id=1700000000"},"modified":"2023-12-13T21:28:19","modified_gmt":"2023-12-13T20:28:19","slug":"p-07000000","status":"publish","type":"page","link":"https:\/\/mail.sunaelivagar.com\/de\/p-07000000\/","title":{"rendered":"Impressum"},"content":{"rendered":"<section  class='av_textblock_section av-klbnhkwb-9ccc57ef8a3501c194ccfdf05bec4853'  itemscope=\"itemscope\" itemtype=\"https:\/\/schema.org\/CreativeWork\" ><div class='avia_textblock'  itemprop=\"text\" ><h2 style=\"text-align: center;\">Impressum<\/h2>\n<\/div><\/section>\n\n<style type=\"text\/css\" data-created_by=\"avia_inline_auto\" id=\"style-css-av-klbnggz1-95ad1edf1cc0a9a238a614a82e0bed96\">\n.av_font_icon.av-klbnggz1-95ad1edf1cc0a9a238a614a82e0bed96 .av-icon-char{\nfont-size:40px;\nline-height:40px;\n}\n<\/style>\n<span  class='av_font_icon av-klbnggz1-95ad1edf1cc0a9a238a614a82e0bed96 avia_animate_when_visible av-icon-style- avia-icon-pos-center av-no-color avia-icon-animate'><span class='av-icon-char' aria-hidden='true' data-av_icon='\ue840' data-av_iconfont='entypo-fontello' ><\/span><\/span>\n\n<style type=\"text\/css\" data-created_by=\"avia_inline_auto\" id=\"style-css-av-4w9e9ziry8-5478a85898e5079f4916f6cf0c725f9e\">\n#top .av-special-heading.av-4w9e9ziry8-5478a85898e5079f4916f6cf0c725f9e{\npadding-bottom:10px;\n}\nbody .av-special-heading.av-4w9e9ziry8-5478a85898e5079f4916f6cf0c725f9e .av-special-heading-tag .heading-char{\nfont-size:25px;\n}\n.av-special-heading.av-4w9e9ziry8-5478a85898e5079f4916f6cf0c725f9e .av-subheading{\nfont-size:15px;\n}\n<\/style>\n<div  class='av-special-heading av-4w9e9ziry8-5478a85898e5079f4916f6cf0c725f9e av-special-heading-h3  avia-builder-el-2  el_after_av_font_icon  el_before_av_textblock '><h3 class='av-special-heading-tag'  itemprop=\"headline\"  >Kontaktadresse<\/h3><div class=\"special-heading-border\"><div class=\"special-heading-inner-border\"><\/div><\/div><\/div>\n<section  class='av_textblock_section av-klbnihuw-8f121d7e574197cf5ef949cdd58b4c98'  itemscope=\"itemscope\" itemtype=\"https:\/\/schema.org\/CreativeWork\" ><div class='avia_textblock'  itemprop=\"text\" ><table style=\"width: 100%; border: 0px solid #ededed; border-collapse: separate; border-spacing: 0px;\">\n<tbody>\n<tr>\n<td style=\"text-align: left; border: 0px solid #ededed;\">\u16cb\u16a2\u16be\u16a8 \u16d6\u16da\u16c1\u16a0\u16a8\u16b7\u16a8\u16b1 \u16d7\u16b2<br \/>c\/o X-tremeTuning IT-Solutions<br \/>Im Brisgi 20<br \/>CH-5400 Baden AG<\/td>\n<\/tr>\n<tr>\n<td style=\"text-align: left; border: 0px solid #ededed;\">contact&commat;sunaelivagar-mc.com<br \/>\nTel. +33 6 67 61 96 04<\/td>\n<\/tr>\n<\/tbody>\n<\/table>\n<\/div><\/section>\n\n<style type=\"text\/css\" data-created_by=\"avia_inline_auto\" id=\"style-css-av-2jz3nithq8-7db9acfbf82b0407326d69c8634ce90a\">\n#top .av-special-heading.av-2jz3nithq8-7db9acfbf82b0407326d69c8634ce90a{\npadding-bottom:10px;\n}\nbody .av-special-heading.av-2jz3nithq8-7db9acfbf82b0407326d69c8634ce90a .av-special-heading-tag .heading-char{\nfont-size:25px;\n}\n.av-special-heading.av-2jz3nithq8-7db9acfbf82b0407326d69c8634ce90a .av-subheading{\nfont-size:15px;\n}\n<\/style>\n<div  class='av-special-heading av-2jz3nithq8-7db9acfbf82b0407326d69c8634ce90a av-special-heading-h3  avia-builder-el-4  el_after_av_textblock  el_before_av_textblock '><h3 class='av-special-heading-tag'  itemprop=\"headline\"  >Internetauftritt<\/h3><div class=\"special-heading-border\"><div class=\"special-heading-inner-border\"><\/div><\/div><\/div>\n<section  class='av_textblock_section av-klbnlm58-817f0c8c4762222b76120fb05e4af357'  itemscope=\"itemscope\" itemtype=\"https:\/\/schema.org\/CreativeWork\" ><div class='avia_textblock'  itemprop=\"text\" ><table style=\"width: 100%; border: 0px solid #ededed; border-collapse: separate; border-spacing: 0px;\">\n<tbody>\n<tr>\n<td style=\"text-align: left; border: 0px solid #ededed;\">Webdesign:<br \/>\nInhalt:<\/td>\n<td style=\"text-align: left; border: 0px solid #ededed;\">\u16cb\u16a2\u16be\u16a8 \u16d6\u16da\u16c1\u16a0\u16a8\u16b7\u16a8\u16b1 \u16d7\u16b2<br \/>\n\u16cb\u16a2\u16be\u16a8 \u16d6\u16da\u16c1\u16a0\u16a8\u16b7\u16a8\u16b1 \u16d7\u16b2<\/td>\n<\/tr>\n<tr>\n<td style=\"text-align: left; border: 0px solid #ededed;\">Domains:<\/td>\n<td style=\"text-align: left; border: 0px solid #ededed;\">\u00bb<a title=\"\u16cb\u16a2\u16be\u16a8 \u16d6\u16da\u16c1\u16a0\u16a8\u16b7\u16a8\u16b1 \u16d7\u16b2 \u2013 In jeder Hinsicht anders!\" href=\"http:\/\/www.sunaelivagar-mc.com\/\" target=\"_blank\" rel=\"noopener\">www.sunaelivagar-mc.com<\/a>\u00ab<br \/>\n\u00bb<a title=\"\u16cb\u16a2\u16be\u16a8 \u16d6\u16da\u16c1\u16a0\u16a8\u16b7\u16a8\u16b1 \u16d7\u16b2 \u2013 In jeder Hinsicht anders!\" href=\"http:\/\/www.suna-elivagar-mc.com\/\" target=\"_blank\" rel=\"noopener\">www.suna-elivagar-mc.com<\/a>\u00ab<br \/>\n\u00bb<a title=\"\u16cb\u16a2\u16be\u16a8 \u16d6\u16da\u16c1\u16a0\u16a8\u16b7\u16a8\u16b1 \u16d7\u16b2 \u2013 In jeder Hinsicht anders!\" href=\"http:\/\/www.sunaelivagar.com\/\" target=\"_blank\" rel=\"noopener\">www.sunaelivagar.com<\/a>\u00ab<br \/>\n\u00bb<a title=\"\u16cb\u16a2\u16be\u16a8 \u16d6\u16da\u16c1\u16a0\u16a8\u16b7\u16a8\u16b1 \u16d7\u16b2 \u2013 In jeder Hinsicht anders!\" href=\"http:\/\/www.suna-elivagar.com\/\" target=\"_blank\" rel=\"noopener\">www.suna-elivagar.com<\/a>\u00ab<\/td>\n<\/tr>\n<tr>\n<td style=\"text-align: left; border: 0px solid #ededed;\">Inhaber:<br \/>\nSupport:<\/td>\n<td style=\"text-align: left; border: 0px solid #ededed;\">\u16cb\u16a2\u16be\u16a8 \u16d6\u16da\u16c1\u16a0\u16a8\u16b7\u16a8\u16b1 \u16d7\u16b2<br \/>\n<a title=\"X-tremeTuning IT-Solutions\" href=\"http:\/\/www.x-tremetuning.ch\/\" target=\"_blank\" rel=\"noopener\">X-tremeTuning IT-Solutions<\/a><\/td>\n<\/tr>\n<\/tbody>\n<\/table>\n<\/div><\/section>\n\n<style type=\"text\/css\" data-created_by=\"avia_inline_auto\" id=\"style-css-av-1crez0fx1c-a1d91a5e30d15fda96e846e8a8ca3bdd\">\n#top .av-special-heading.av-1crez0fx1c-a1d91a5e30d15fda96e846e8a8ca3bdd{\npadding-bottom:10px;\n}\nbody .av-special-heading.av-1crez0fx1c-a1d91a5e30d15fda96e846e8a8ca3bdd .av-special-heading-tag .heading-char{\nfont-size:25px;\n}\n.av-special-heading.av-1crez0fx1c-a1d91a5e30d15fda96e846e8a8ca3bdd .av-subheading{\nfont-size:15px;\n}\n<\/style>\n<div  class='av-special-heading av-1crez0fx1c-a1d91a5e30d15fda96e846e8a8ca3bdd av-special-heading-h3  avia-builder-el-6  el_after_av_textblock  el_before_av_textblock '><h3 class='av-special-heading-tag'  itemprop=\"headline\"  >Public Relations<\/h3><div class=\"special-heading-border\"><div class=\"special-heading-inner-border\"><\/div><\/div><\/div>\n<section  class='av_textblock_section av-klbomr1v-7d1ac54ab2d1bd25645dd486844aca27'  itemscope=\"itemscope\" itemtype=\"https:\/\/schema.org\/CreativeWork\" ><div class='avia_textblock'  itemprop=\"text\" ><p style=\"text-align: justify;\">Wenn Du einen Link zu unserer Homepage auf Deiner eigenen Website schalten m\u00f6chtest, w\u00fcrde uns das sehr freuen. Nutze hierf\u00fcr die unten aufgef\u00fchrte M\u00f6glichkeit und sende uns eine kurze <a title=\"Kontakt\" href=\"\/de\/p-07010000\/\">R\u00fcckmeldung<\/a>. Der HTML-Code kann \u00fcbrigens mit \u00bbCTRL + C\u00ab kopiert werden.<\/p>\n<\/div><\/section>\n<article  class='iconbox iconbox_left av-klboudzn-c338f6301383ef8bc9dac697362b5b93  avia-builder-el-8  el_after_av_textblock  avia-builder-el-last '  itemscope=\"itemscope\" itemtype=\"https:\/\/schema.org\/CreativeWork\" ><div class=\"iconbox_content\"><header class=\"entry-content-header\"><div class=\"iconbox_icon heading-color\" aria-hidden='true' data-av_icon='\ue835' data-av_iconfont='entypo-fontello'><\/div><h3 class='iconbox_content_title '  itemprop=\"headline\" >Einfacher Textlink<\/h3><\/header><div class='iconbox_content_container '  itemprop=\"text\" ><p style=\"text-align: center;\"><a title=\"\u16cb\u16a2\u16be\u16a8 \u16d6\u16da\u16c1\u16a0\u16a8\u16b7\u16a8\u16b1 \u16d7\u16b2 \u2013 In jeder Hinsicht anders!\" href=\"http:\/\/www.sunaelivagar-mc.com\/\" target=\"_blank\" rel=\"noopener\">\u16cb\u16a2\u16be\u16a8 \u16d6\u16da\u16c1\u16a0\u16a8\u16b7\u16a8\u16b1 \u16d7\u16b2 \u2013 In jeder Hinsicht anders!<\/a><\/p>\n<table style=\"width: 100%; border: 2px solid #ededed; border-collapse: separate; border-spacing: 0px;\">\n<tbody>\n<tr>\n<td style=\"text-align: left; border: 0px solid #ededed;\"><code>&lt;a title=\"\u16cb\u16a2\u16be\u16a8 \u16d6\u16da\u16c1\u16a0\u16a8\u16b7\u16a8\u16b1 \u16d7\u16b2 \u2013 In jeder Hinsicht anders!\" href=\"https:\/\/www.sunaelivagar-mc.com\/\" target=\"_blank\" rel=\"noopener\"&gt;\u16cb\u16a2\u16be\u16a8 \u16d6\u16da\u16c1\u16a0\u16a8\u16b7\u16a8\u16b1 \u16d7\u16b2 \u2013 In jeder Hinsicht anders!&lt;\/a&gt;<\/code><\/td>\n<\/tr>\n<\/tbody>\n<\/table>\n<\/div><\/div><footer class=\"entry-footer\"><\/footer><\/article>\n","protected":false},"excerpt":{"rendered":"","protected":false},"author":1,"featured_media":0,"parent":0,"menu_order":10,"comment_status":"closed","ping_status":"closed","template":"","meta":{"footnotes":""},"class_list":["post-1700000000","page","type-page","status-publish","hentry"],"yoast_head":"<!-- This site is optimized with the Yoast SEO plugin v27.4 - https:\/\/yoast.com\/product\/yoast-seo-wordpress\/ -->\n<title>Impressum &#8211; \u16cb\u16a2\u16be\u16a8 \u16d6\u16da\u16c1\u16a0\u16a8\u16b7\u16a8\u16b1 \u16d7\u16b2<\/title>\n<meta name=\"description\" content=\"Impressum des \u16cb\u16a2\u16be\u16a8 \u16d6\u16da\u16c1\u16a0\u16a8\u16b7\u16a8\u16b1 \u16d7\u16b2, beziehungsweise eine Adresse unseres Motorradclubs.\" \/>\n<meta name=\"robots\" content=\"index, follow, max-snippet:-1, max-image-preview:large, max-video-preview:-1\" \/>\n<link rel=\"canonical\" href=\"https:\/\/mail.sunaelivagar.com\/de\/p-07000000\/\" \/>\n<meta property=\"og:locale\" content=\"de_DE\" \/>\n<meta property=\"og:type\" content=\"article\" \/>\n<meta property=\"og:title\" content=\"Impressum &#8211; \u16cb\u16a2\u16be\u16a8 \u16d6\u16da\u16c1\u16a0\u16a8\u16b7\u16a8\u16b1 \u16d7\u16b2\" \/>\n<meta property=\"og:description\" content=\"Impressum des \u16cb\u16a2\u16be\u16a8 \u16d6\u16da\u16c1\u16a0\u16a8\u16b7\u16a8\u16b1 \u16d7\u16b2, beziehungsweise eine Adresse unseres Motorradclubs.\" \/>\n<meta property=\"og:url\" content=\"https:\/\/mail.sunaelivagar.com\/de\/p-07000000\/\" \/>\n<meta property=\"og:site_name\" content=\"\u16cb\u16a2\u16be\u16a8 \u16d6\u16da\u16c1\u16a0\u16a8\u16b7\u16a8\u16b1 \u16d7\u16b2\" \/>\n<meta property=\"article:modified_time\" content=\"2023-12-13T20:28:19+00:00\" \/>\n<meta property=\"og:image\" content=\"https:\/\/www.sunaelivagar-mc.com\/general\/images\/divers\/1000000300.png\" \/>\n\t<meta property=\"og:image:width\" content=\"800\" \/>\n\t<meta property=\"og:image:height\" content=\"800\" \/>\n\t<meta property=\"og:image:type\" content=\"image\/png\" \/>\n<meta name=\"twitter:card\" content=\"summary_large_image\" \/>\n<meta name=\"twitter:title\" content=\"Impressum &#8211; \u16cb\u16a2\u16be\u16a8 \u16d6\u16da\u16c1\u16a0\u16a8\u16b7\u16a8\u16b1 \u16d7\u16b2\" \/>\n<meta name=\"twitter:description\" content=\"Impressum des \u16cb\u16a2\u16be\u16a8 \u16d6\u16da\u16c1\u16a0\u16a8\u16b7\u16a8\u16b1 \u16d7\u16b2, beziehungsweise eine Adresse unseres Motorradclubs.\" \/>\n<meta name=\"twitter:image\" content=\"https:\/\/www.sunaelivagar-mc.com\/general\/images\/divers\/1000000300.png\" \/>\n<meta name=\"twitter:site\" content=\"@sunaelivagar\" \/>\n<meta name=\"twitter:label1\" content=\"Gesch\u00e4tzte Lesezeit\" \/>\n\t<meta name=\"twitter:data1\" content=\"1\u00a0Minute\" \/>\n<script type=\"application\/ld+json\" class=\"yoast-schema-graph\">{\"@context\":\"https:\\\/\\\/schema.org\",\"@graph\":[{\"@type\":\"WebPage\",\"@id\":\"https:\\\/\\\/mail.sunaelivagar.com\\\/de\\\/p-07000000\\\/\",\"url\":\"https:\\\/\\\/mail.sunaelivagar.com\\\/de\\\/p-07000000\\\/\",\"name\":\"Impressum &#8211; \u16cb\u16a2\u16be\u16a8 \u16d6\u16da\u16c1\u16a0\u16a8\u16b7\u16a8\u16b1 \u16d7\u16b2\",\"isPartOf\":{\"@id\":\"https:\\\/\\\/sunaelivagar-mc.com\\\/de\\\/#website\"},\"datePublished\":\"2022-11-04T00:00:00+00:00\",\"dateModified\":\"2023-12-13T20:28:19+00:00\",\"description\":\"Impressum des \u16cb\u16a2\u16be\u16a8 \u16d6\u16da\u16c1\u16a0\u16a8\u16b7\u16a8\u16b1 \u16d7\u16b2, beziehungsweise eine Adresse unseres Motorradclubs.\",\"breadcrumb\":{\"@id\":\"https:\\\/\\\/mail.sunaelivagar.com\\\/de\\\/p-07000000\\\/#breadcrumb\"},\"inLanguage\":\"de\",\"potentialAction\":[{\"@type\":\"ReadAction\",\"target\":[\"https:\\\/\\\/mail.sunaelivagar.com\\\/de\\\/p-07000000\\\/\"]}]},{\"@type\":\"BreadcrumbList\",\"@id\":\"https:\\\/\\\/mail.sunaelivagar.com\\\/de\\\/p-07000000\\\/#breadcrumb\",\"itemListElement\":[{\"@type\":\"ListItem\",\"position\":1,\"name\":\"Startseite\",\"item\":\"https:\\\/\\\/sunaelivagar-mc.com\\\/de\\\/\"},{\"@type\":\"ListItem\",\"position\":2,\"name\":\"Impressum\"}]},{\"@type\":\"WebSite\",\"@id\":\"https:\\\/\\\/sunaelivagar-mc.com\\\/de\\\/#website\",\"url\":\"https:\\\/\\\/sunaelivagar-mc.com\\\/de\\\/\",\"name\":\"\u16cb\u16a2\u16be\u16a8 \u16d6\u16da\u16c1\u16a0\u16a8\u16b7\u16a8\u16b1 \u16d7\u16b2\",\"description\":\"In jeder Hinsicht anders!\",\"publisher\":{\"@id\":\"https:\\\/\\\/sunaelivagar-mc.com\\\/de\\\/#organization\"},\"potentialAction\":[{\"@type\":\"SearchAction\",\"target\":{\"@type\":\"EntryPoint\",\"urlTemplate\":\"https:\\\/\\\/sunaelivagar-mc.com\\\/de\\\/?s={search_term_string}\"},\"query-input\":{\"@type\":\"PropertyValueSpecification\",\"valueRequired\":true,\"valueName\":\"search_term_string\"}}],\"inLanguage\":\"de\"},{\"@type\":\"Organization\",\"@id\":\"https:\\\/\\\/sunaelivagar-mc.com\\\/de\\\/#organization\",\"name\":\"\u16cb\u16a2\u16be\u16a8 \u16d6\u16da\u16c1\u16a0\u16a8\u16b7\u16a8\u16b1 \u16d7\u16b2\",\"url\":\"https:\\\/\\\/sunaelivagar-mc.com\\\/de\\\/\",\"logo\":{\"@type\":\"ImageObject\",\"inLanguage\":\"de\",\"@id\":\"https:\\\/\\\/sunaelivagar-mc.com\\\/de\\\/#\\\/schema\\\/logo\\\/image\\\/\",\"url\":\"https:\\\/\\\/www.sunaelivagar-mc.com\\\/general\\\/images\\\/divers\\\/1000000300.png\",\"contentUrl\":\"https:\\\/\\\/www.sunaelivagar-mc.com\\\/general\\\/images\\\/divers\\\/1000000300.png\",\"width\":800,\"height\":800,\"caption\":\"\u16cb\u16a2\u16be\u16a8 \u16d6\u16da\u16c1\u16a0\u16a8\u16b7\u16a8\u16b1 \u16d7\u16b2\"},\"image\":{\"@id\":\"https:\\\/\\\/sunaelivagar-mc.com\\\/de\\\/#\\\/schema\\\/logo\\\/image\\\/\"},\"sameAs\":[\"https:\\\/\\\/x.com\\\/sunaelivagar\"]}]}<\/script>\n<!-- \/ Yoast SEO plugin. -->","yoast_head_json":{"title":"Impressum &#8211; \u16cb\u16a2\u16be\u16a8 \u16d6\u16da\u16c1\u16a0\u16a8\u16b7\u16a8\u16b1 \u16d7\u16b2","description":"Impressum des \u16cb\u16a2\u16be\u16a8 \u16d6\u16da\u16c1\u16a0\u16a8\u16b7\u16a8\u16b1 \u16d7\u16b2, beziehungsweise eine Adresse unseres Motorradclubs.","robots":{"index":"index","follow":"follow","max-snippet":"max-snippet:-1","max-image-preview":"max-image-preview:large","max-video-preview":"max-video-preview:-1"},"canonical":"https:\/\/mail.sunaelivagar.com\/de\/p-07000000\/","og_locale":"de_DE","og_type":"article","og_title":"Impressum &#8211; \u16cb\u16a2\u16be\u16a8 \u16d6\u16da\u16c1\u16a0\u16a8\u16b7\u16a8\u16b1 \u16d7\u16b2","og_description":"Impressum des \u16cb\u16a2\u16be\u16a8 \u16d6\u16da\u16c1\u16a0\u16a8\u16b7\u16a8\u16b1 \u16d7\u16b2, beziehungsweise eine Adresse unseres Motorradclubs.","og_url":"https:\/\/mail.sunaelivagar.com\/de\/p-07000000\/","og_site_name":"\u16cb\u16a2\u16be\u16a8 \u16d6\u16da\u16c1\u16a0\u16a8\u16b7\u16a8\u16b1 \u16d7\u16b2","article_modified_time":"2023-12-13T20:28:19+00:00","og_image":[{"width":800,"height":800,"url":"https:\/\/www.sunaelivagar-mc.com\/general\/images\/divers\/1000000300.png","type":"image\/png"}],"twitter_card":"summary_large_image","twitter_title":"Impressum &#8211; \u16cb\u16a2\u16be\u16a8 \u16d6\u16da\u16c1\u16a0\u16a8\u16b7\u16a8\u16b1 \u16d7\u16b2","twitter_description":"Impressum des \u16cb\u16a2\u16be\u16a8 \u16d6\u16da\u16c1\u16a0\u16a8\u16b7\u16a8\u16b1 \u16d7\u16b2, beziehungsweise eine Adresse unseres Motorradclubs.","twitter_image":"https:\/\/www.sunaelivagar-mc.com\/general\/images\/divers\/1000000300.png","twitter_site":"@sunaelivagar","twitter_misc":{"Gesch\u00e4tzte Lesezeit":"1\u00a0Minute"},"schema":{"@context":"https:\/\/schema.org","@graph":[{"@type":"WebPage","@id":"https:\/\/mail.sunaelivagar.com\/de\/p-07000000\/","url":"https:\/\/mail.sunaelivagar.com\/de\/p-07000000\/","name":"Impressum &#8211; \u16cb\u16a2\u16be\u16a8 \u16d6\u16da\u16c1\u16a0\u16a8\u16b7\u16a8\u16b1 \u16d7\u16b2","isPartOf":{"@id":"https:\/\/sunaelivagar-mc.com\/de\/#website"},"datePublished":"2022-11-04T00:00:00+00:00","dateModified":"2023-12-13T20:28:19+00:00","description":"Impressum des \u16cb\u16a2\u16be\u16a8 \u16d6\u16da\u16c1\u16a0\u16a8\u16b7\u16a8\u16b1 \u16d7\u16b2, beziehungsweise eine Adresse unseres Motorradclubs.","breadcrumb":{"@id":"https:\/\/mail.sunaelivagar.com\/de\/p-07000000\/#breadcrumb"},"inLanguage":"de","potentialAction":[{"@type":"ReadAction","target":["https:\/\/mail.sunaelivagar.com\/de\/p-07000000\/"]}]},{"@type":"BreadcrumbList","@id":"https:\/\/mail.sunaelivagar.com\/de\/p-07000000\/#breadcrumb","itemListElement":[{"@type":"ListItem","position":1,"name":"Startseite","item":"https:\/\/sunaelivagar-mc.com\/de\/"},{"@type":"ListItem","position":2,"name":"Impressum"}]},{"@type":"WebSite","@id":"https:\/\/sunaelivagar-mc.com\/de\/#website","url":"https:\/\/sunaelivagar-mc.com\/de\/","name":"\u16cb\u16a2\u16be\u16a8 \u16d6\u16da\u16c1\u16a0\u16a8\u16b7\u16a8\u16b1 \u16d7\u16b2","description":"In jeder Hinsicht anders!","publisher":{"@id":"https:\/\/sunaelivagar-mc.com\/de\/#organization"},"potentialAction":[{"@type":"SearchAction","target":{"@type":"EntryPoint","urlTemplate":"https:\/\/sunaelivagar-mc.com\/de\/?s={search_term_string}"},"query-input":{"@type":"PropertyValueSpecification","valueRequired":true,"valueName":"search_term_string"}}],"inLanguage":"de"},{"@type":"Organization","@id":"https:\/\/sunaelivagar-mc.com\/de\/#organization","name":"\u16cb\u16a2\u16be\u16a8 \u16d6\u16da\u16c1\u16a0\u16a8\u16b7\u16a8\u16b1 \u16d7\u16b2","url":"https:\/\/sunaelivagar-mc.com\/de\/","logo":{"@type":"ImageObject","inLanguage":"de","@id":"https:\/\/sunaelivagar-mc.com\/de\/#\/schema\/logo\/image\/","url":"https:\/\/www.sunaelivagar-mc.com\/general\/images\/divers\/1000000300.png","contentUrl":"https:\/\/www.sunaelivagar-mc.com\/general\/images\/divers\/1000000300.png","width":800,"height":800,"caption":"\u16cb\u16a2\u16be\u16a8 \u16d6\u16da\u16c1\u16a0\u16a8\u16b7\u16a8\u16b1 \u16d7\u16b2"},"image":{"@id":"https:\/\/sunaelivagar-mc.com\/de\/#\/schema\/logo\/image\/"},"sameAs":["https:\/\/x.com\/sunaelivagar"]}]}},"_links":{"self":[{"href":"https:\/\/mail.sunaelivagar.com\/de\/wp-json\/wp\/v2\/pages\/1700000000","targetHints":{"allow":["GET"]}}],"collection":[{"href":"https:\/\/mail.sunaelivagar.com\/de\/wp-json\/wp\/v2\/pages"}],"about":[{"href":"https:\/\/mail.sunaelivagar.com\/de\/wp-json\/wp\/v2\/types\/page"}],"author":[{"embeddable":true,"href":"https:\/\/mail.sunaelivagar.com\/de\/wp-json\/wp\/v2\/users\/1"}],"replies":[{"embeddable":true,"href":"https:\/\/mail.sunaelivagar.com\/de\/wp-json\/wp\/v2\/comments?post=1700000000"}],"version-history":[{"count":0,"href":"https:\/\/mail.sunaelivagar.com\/de\/wp-json\/wp\/v2\/pages\/1700000000\/revisions"}],"wp:attachment":[{"href":"https:\/\/mail.sunaelivagar.com\/de\/wp-json\/wp\/v2\/media?parent=1700000000"}],"curies":[{"name":"wp","href":"https:\/\/api.w.org\/{rel}","templated":true}]}}